{"id":459,"date":"2025-02-25T22:41:31","date_gmt":"2025-02-26T01:41:31","guid":{"rendered":"https:\/\/www.macarani.ba.gov.br\/site\/?page_id=459"},"modified":"2026-04-14T07:37:34","modified_gmt":"2026-04-14T10:37:34","slug":"secretarias-2","status":"publish","type":"page","link":"https:\/\/www.macarani.ba.gov.br\/site\/?page_id=459","title":{"rendered":"Secretarias"},"content":{"rendered":"<table width=\"823\">\n<tbody>\n<tr>\n<td colspan=\"2\" width=\"236\">Nome<\/td>\n<td width=\"128\">Fun\u00e7\u00e3o\/ cargo<\/td>\n<td width=\"104\">Unidade<\/td>\n<td width=\"104\">Telefone<\/td>\n<td width=\"251\">E-mail<\/td>\n<\/tr>\n<tr>\n<td colspan=\"2\" width=\"236\"><strong>SELMA RODRIGUES SOUTO<\/strong><\/td>\n<td width=\"128\">Prefeita<\/td>\n<td width=\"104\">Gabinete<\/td>\n<td width=\"104\">981486356<\/td>\n<td width=\"251\"><a href=\"mailto:selmasouto33@gmail.com\">selmasouto33@gmail.com<\/a><\/td>\n<\/tr>\n<tr>\n<td colspan=\"2\" width=\"236\"><strong>JUCILANDE DE JESUS ROCHA <\/strong><\/td>\n<td width=\"128\">Vice-prefeito<\/td>\n<td width=\"104\">Gabinete<\/td>\n<td width=\"104\">77981130709<\/td>\n<td width=\"251\"><a href=\"mailto:Jucilanderocha21@gmail.com\">Jucilanderocha21@gmail.com<\/a><\/td>\n<\/tr>\n<tr>\n<td width=\"104\"><strong>\u00a0<\/strong><\/td>\n<td colspan=\"5\" width=\"719\"><strong>SECRET\u00c1RIOS MUNICIPAIS<\/strong><\/td>\n<\/tr>\n<tr>\n<td colspan=\"2\" width=\"236\"><strong>GLAUBER COSTA SILVA <\/strong><\/td>\n<td width=\"128\">Sec. De Administra\u00e7\u00e3o<\/td>\n<td width=\"104\">Sec. De Administra\u00e7\u00e3o<\/td>\n<td width=\"104\">988623077<\/td>\n<td width=\"251\"><a href=\"mailto:glaubercostasilva@outlook.com\">glaubercostasilva@outlook.com<\/a><\/td>\n<\/tr>\n<tr>\n<td colspan=\"2\" width=\"236\"><strong>ARMANDO DE SOUSA\u00a0 PORTO <\/strong><\/td>\n<td width=\"128\">Sec. de Rela\u00e7\u00f5es institucionais<\/td>\n<td width=\"104\">Sec. de Rela\u00e7\u00f5es institucionais<\/td>\n<td width=\"104\">011994124838<\/td>\n<td width=\"251\"><a href=\"mailto:armandosporto@gmail.com\">armandosporto@gmail.com<\/a><\/td>\n<\/tr>\n<tr>\n<td colspan=\"2\" width=\"236\"><strong>CLEIDES JOSE LISBOA <\/strong><\/td>\n<td width=\"128\">Sec. De Cultura<\/td>\n<td width=\"104\">Sec. De Cultura<\/td>\n<td width=\"104\">77988316624<\/td>\n<td width=\"251\"><a href=\"mailto:cleides.jose@hotmail.com\">cleides.jose@hotmail.com<\/a><\/td>\n<\/tr>\n<tr>\n<td colspan=\"2\" width=\"236\"><strong>ELZA SOARES DE SOUZA<\/strong><\/td>\n<td width=\"128\">\u00a0Sec. De Sa\u00fade<\/td>\n<td width=\"104\">\u00a0Sec. De Sa\u00fade<\/td>\n<td width=\"104\">988628227<\/td>\n<td width=\"251\"><a href=\"mailto:soareselza@hotmail.com\">soareselza@hotmail.com<\/a><\/td>\n<\/tr>\n<tr>\n<td colspan=\"2\" width=\"236\"><strong>ENIO LIMA LEITE <\/strong><\/td>\n<td width=\"128\">Sec. De Finan\u00e7as<\/td>\n<td width=\"104\">Sec. De Finan\u00e7as<\/td>\n<td width=\"104\">991035613<\/td>\n<td width=\"251\"><a href=\"mailto:eniolimaleite@gmail.com\">eniolimaleite@gmail.com<\/a><\/td>\n<\/tr>\n<tr>\n<td colspan=\"2\" width=\"236\"><strong>GLAUBER COSTA SILVA <\/strong><\/td>\n<td width=\"128\">Sec. De Administra\u00e7\u00e3o<\/td>\n<td width=\"104\">Sec. De Administra\u00e7\u00e3o<\/td>\n<td width=\"104\">988623077<\/td>\n<td width=\"251\"><a href=\"mailto:glaubercostasilva@outlook.com\">glaubercostasilva@outlook.com<\/a><\/td>\n<\/tr>\n<tr>\n<td colspan=\"2\" width=\"236\"><strong>JEANE OLIVEIRA PORTO <\/strong><\/td>\n<td width=\"128\">Sec. De Educa\u00e7\u00e3o<\/td>\n<td width=\"104\">Sec. De Educa\u00e7\u00e3o<\/td>\n<td width=\"104\">988318058<\/td>\n<td width=\"251\"><a href=\"mailto:jeaneporto1982@gmail.com\">jeaneporto1982@gmail.com<\/a><\/td>\n<\/tr>\n<tr>\n<td colspan=\"2\" width=\"236\"><strong>JOANEYDO ALVES DOS ANJOS <\/strong><\/td>\n<td width=\"128\">Diretor do SAAE<\/td>\n<td width=\"104\">Diretor do SAAE<\/td>\n<td width=\"104\">988039071<\/td>\n<td width=\"251\">J10diversoes@hotmail.com<\/td>\n<\/tr>\n<tr>\n<td colspan=\"2\" width=\"236\"><strong>MANUELLA DE SOUSA PORTO <\/strong><\/td>\n<td width=\"128\">Sec. De Planejamento<\/td>\n<td width=\"104\">Sec. De Planejamento<\/td>\n<td width=\"104\">11969695318<\/td>\n<td width=\"251\"><a href=\"mailto:conveniosmacarani@gmail.com\">conveniosmacarani@gmail.com<\/a><\/td>\n<\/tr>\n<tr>\n<td colspan=\"2\" width=\"236\"><strong>MARCELO SANTOS DO NASCIMENTO<\/strong><\/td>\n<td width=\"128\">Sec. De Esporte<\/td>\n<td width=\"104\">Sec. De Esporte<\/td>\n<td width=\"104\">988557963<\/td>\n<td width=\"251\"><a href=\"mailto:marcelo.sec.esporte21@hotmail.com\">marcelo.sec.esporte21@hotmail.com<\/a><\/td>\n<\/tr>\n<tr>\n<td colspan=\"2\" width=\"236\"><strong>MARIA DOS ANJOS JESUS SOUSA<\/strong><\/td>\n<td width=\"128\">Sec. De Assist\u00eancia Social<\/td>\n<td width=\"104\">Sec. De Assist\u00eancia Social<\/td>\n<td width=\"104\">988084985<\/td>\n<td width=\"251\"><a href=\"mailto:duzazm@hotmail.com\">duzazm@hotmail.com<\/a><\/td>\n<\/tr>\n<tr>\n<td colspan=\"2\" width=\"236\"><strong>SELMO\u00a0 SILVEIRA MIRANDA <\/strong><\/td>\n<td width=\"128\">Sec. De Agricultura<\/td>\n<td width=\"104\">Sec. De Agricultura<\/td>\n<td width=\"104\">988159673<\/td>\n<td width=\"251\"><a href=\"mailto:selmosilveiramiranda@gmail.com\">selmosilveiramiranda@gmail.com<\/a><\/td>\n<\/tr>\n<tr>\n<td colspan=\"2\" width=\"236\"><strong>SELMO\u00a0 SILVEIRA MIRANDA<\/strong><\/td>\n<td width=\"128\">Sec. De obras INTERINO<\/td>\n<td width=\"104\">Sec. De obras INTERINO<\/td>\n<td width=\"104\">988159673<\/td>\n<td width=\"251\"><a href=\"mailto:selmosilveiramiranda@gmail.com\">selmosilveiramiranda@gmail.com<\/a><\/td>\n<\/tr>\n<tr>\n<td width=\"104\"><\/td>\n<td width=\"132\"><\/td>\n<td width=\"128\"><\/td>\n<td width=\"104\"><\/td>\n<td width=\"104\"><\/td>\n<td width=\"251\"><\/td>\n<\/tr>\n<\/tbody>\n<\/table>\n","protected":false},"excerpt":{"rendered":"<p>Nome Fun\u00e7\u00e3o\/ cargo Unidade Telefone E-mail SELMA RODRIGUES SOUTO Prefeita Gabinete 981486356 selmasouto33@gmail.com JUCILANDE DE JESUS ROCHA Vice-prefeito Gabinete 77981130709 Jucilanderocha21@gmail.com \u00a0 SECRET\u00c1RIOS MUNICIPAIS GLAUBER COSTA SILVA Sec. De Administra\u00e7\u00e3o Sec. De Administra\u00e7\u00e3o 988623077 glaubercostasilva@outlook.com ARMANDO DE SOUSA\u00a0 PORTO Sec. de Rela\u00e7\u00f5es institucionais Sec. de Rela\u00e7\u00f5es institucionais 011994124838 armandosporto@gmail.com CLEIDES JOSE LISBOA Sec. De Cultura &hellip;<\/p>\n<p class=\"read-more\"> <a class=\"\" href=\"https:\/\/www.macarani.ba.gov.br\/site\/?page_id=459\"> <span class=\"screen-reader-text\">Secretarias<\/span> Leia mais \u00bb<\/a><\/p>\n","protected":false},"author":1,"featured_media":504,"parent":0,"menu_order":0,"comment_status":"closed","ping_status":"closed","template":"","meta":{"footnotes":""},"_links":{"self":[{"href":"https:\/\/www.macarani.ba.gov.br\/site\/index.php?rest_route=\/wp\/v2\/pages\/459"}],"collection":[{"href":"https:\/\/www.macarani.ba.gov.br\/site\/index.php?rest_route=\/wp\/v2\/pages"}],"about":[{"href":"https:\/\/www.macarani.ba.gov.br\/site\/index.php?rest_route=\/wp\/v2\/types\/page"}],"author":[{"embeddable":true,"href":"https:\/\/www.macarani.ba.gov.br\/site\/index.php?rest_route=\/wp\/v2\/users\/1"}],"replies":[{"embeddable":true,"href":"https:\/\/www.macarani.ba.gov.br\/site\/index.php?rest_route=%2Fwp%2Fv2%2Fcomments&post=459"}],"version-history":[{"count":3,"href":"https:\/\/www.macarani.ba.gov.br\/site\/index.php?rest_route=\/wp\/v2\/pages\/459\/revisions"}],"predecessor-version":[{"id":497,"href":"https:\/\/www.macarani.ba.gov.br\/site\/index.php?rest_route=\/wp\/v2\/pages\/459\/revisions\/497"}],"wp:featuredmedia":[{"embeddable":true,"href":"https:\/\/www.macarani.ba.gov.br\/site\/index.php?rest_route=\/wp\/v2\/media\/504"}],"wp:attachment":[{"href":"https:\/\/www.macarani.ba.gov.br\/site\/index.php?rest_route=%2Fwp%2Fv2%2Fmedia&parent=459"}],"curies":[{"name":"wp","href":"https:\/\/api.w.org\/{rel}","templated":true}]}}