{"id":149,"date":"2021-03-02T22:57:10","date_gmt":"2021-03-03T01:57:10","guid":{"rendered":"http:\/\/www.macarani.ba.gov.br\/site\/?page_id=149"},"modified":"2026-04-14T07:30:15","modified_gmt":"2026-04-14T10:30:15","slug":"economia","status":"publish","type":"page","link":"https:\/\/www.macarani.ba.gov.br\/site\/?page_id=149","title":{"rendered":"Economia"},"content":{"rendered":"<p>[vc_row][vc_column][vc_text_separator title=&#8221;Economia &#8221; i_icon_fontawesome=&#8221;fas fa-money-bill-wave&#8221; i_color=&#8221;mulled_wine&#8221; title_align=&#8221;separator_align_left&#8221; add_icon=&#8221;true&#8221;][\/vc_column][\/vc_row][vc_row][vc_column][vc_column_text]A economia do munic\u00edpio \u00e9 baseada na agropecu\u00e1ria, representada pela cria\u00e7\u00e3o de gado de corte e leiteiro, que foi alavancada pelo investimento do Banco do Brasil no final da d\u00e9cada de 1970, at\u00e9 ent\u00e3o, a maioria da popula\u00e7\u00e3o era empregada pela prefeitura. Por algum tempo, permaneceu na cidade uma f\u00e1brica da Nestl\u00e9 (per\u00edodo n\u00e3o informado), mas foi desativada. No ano de 1998, foi instalada uma f\u00e1brica de cal\u00e7ados da Azaleia, que fechou no final de 2012, por\u00e9m, em 2015, se instalou na cidade, no mesmo local onde funcionou a Azaleia, a f\u00e1brica de cal\u00e7ados B\u00e1rbara Kr\u00e1s, a terceira a ser instalada no Estado.<\/p>\n<p>[\/vc_column_text][\/vc_column][\/vc_row]<\/p>\n","protected":false},"excerpt":{"rendered":"<p>[vc_row][vc_column][vc_text_separator title=&#8221;Economia &#8221; i_icon_fontawesome=&#8221;fas fa-money-bill-wave&#8221; i_color=&#8221;mulled_wine&#8221; title_align=&#8221;separator_align_left&#8221; add_icon=&#8221;true&#8221;][\/vc_column][\/vc_row][vc_row][vc_column][vc_column_text]A economia do munic\u00edpio \u00e9 baseada na agropecu\u00e1ria, representada pela cria\u00e7\u00e3o de gado de corte e leiteiro, que foi alavancada pelo investimento do Banco do Brasil no final da d\u00e9cada de 1970, at\u00e9 ent\u00e3o, a maioria da popula\u00e7\u00e3o era empregada pela prefeitura. Por algum tempo, permaneceu na cidade &hellip;<\/p>\n<p class=\"read-more\"> <a class=\"\" href=\"https:\/\/www.macarani.ba.gov.br\/site\/?page_id=149\"> <span class=\"screen-reader-text\">Economia<\/span> Leia mais \u00bb<\/a><\/p>\n","protected":false},"author":1,"featured_media":449,"parent":0,"menu_order":0,"comment_status":"closed","ping_status":"closed","template":"","meta":{"footnotes":""},"_links":{"self":[{"href":"https:\/\/www.macarani.ba.gov.br\/site\/index.php?rest_route=\/wp\/v2\/pages\/149"}],"collection":[{"href":"https:\/\/www.macarani.ba.gov.br\/site\/index.php?rest_route=\/wp\/v2\/pages"}],"about":[{"href":"https:\/\/www.macarani.ba.gov.br\/site\/index.php?rest_route=\/wp\/v2\/types\/page"}],"author":[{"embeddable":true,"href":"https:\/\/www.macarani.ba.gov.br\/site\/index.php?rest_route=\/wp\/v2\/users\/1"}],"replies":[{"embeddable":true,"href":"https:\/\/www.macarani.ba.gov.br\/site\/index.php?rest_route=%2Fwp%2Fv2%2Fcomments&post=149"}],"version-history":[{"count":2,"href":"https:\/\/www.macarani.ba.gov.br\/site\/index.php?rest_route=\/wp\/v2\/pages\/149\/revisions"}],"predecessor-version":[{"id":279,"href":"https:\/\/www.macarani.ba.gov.br\/site\/index.php?rest_route=\/wp\/v2\/pages\/149\/revisions\/279"}],"wp:featuredmedia":[{"embeddable":true,"href":"https:\/\/www.macarani.ba.gov.br\/site\/index.php?rest_route=\/wp\/v2\/media\/449"}],"wp:attachment":[{"href":"https:\/\/www.macarani.ba.gov.br\/site\/index.php?rest_route=%2Fwp%2Fv2%2Fmedia&parent=149"}],"curies":[{"name":"wp","href":"https:\/\/api.w.org\/{rel}","templated":true}]}}