{"id":131,"date":"2021-03-02T22:47:42","date_gmt":"2021-03-03T01:47:42","guid":{"rendered":"http:\/\/www.macarani.ba.gov.br\/site\/?page_id=131"},"modified":"2026-04-14T07:31:21","modified_gmt":"2026-04-14T10:31:21","slug":"prefeitura","status":"publish","type":"page","link":"https:\/\/www.macarani.ba.gov.br\/site\/?page_id=131","title":{"rendered":"Gabinete"},"content":{"rendered":"<p>[vc_row][vc_column][vc_text_separator title=&#8221;Gabinete&#8221; i_icon_fontawesome=&#8221;far fa-building&#8221; i_color=&#8221;mulled_wine&#8221; i_size=&#8221;lg&#8221; title_align=&#8221;separator_align_left&#8221; add_icon=&#8221;true&#8221;][\/vc_column][\/vc_row][vc_row][vc_column][vc_column_text]<strong>Prefeita:<\/strong> Selma Rodrigues Souto<br \/>\n<strong>Vice-Prefeito:<\/strong> Jucilande de\u00a0Jesus\u00a0Rocha<\/p>\n<p><strong>Palavra da Prefeita<\/strong><\/p>\n<p>A efici\u00eancia e a efic\u00e1cia da Gest\u00e3o P\u00fablica se efetivam em pol\u00edticas p\u00fablicas comprometidas com os anseios populares. Para que estas se tornem conquistas reais da coletividade, a \u00e9tica deve estar acima das moralidades individuais, tanto dos pol\u00edticos eleitos quanto dos funcion\u00e1rios p\u00fablicos, atores respons\u00e1veis pela consolida\u00e7\u00e3o do novo ideal da Gest\u00e3o P\u00fablica. Nessa perspectiva, a marca registrada da legislatura 2021\/2024 \u00e9 a TRANSPAR\u00caNCIA E RESPONSABILIDADE.<\/p>\n<p>[\/vc_column_text][\/vc_column][\/vc_row]<\/p>\n","protected":false},"excerpt":{"rendered":"<p>[vc_row][vc_column][vc_text_separator title=&#8221;Gabinete&#8221; i_icon_fontawesome=&#8221;far fa-building&#8221; i_color=&#8221;mulled_wine&#8221; i_size=&#8221;lg&#8221; title_align=&#8221;separator_align_left&#8221; add_icon=&#8221;true&#8221;][\/vc_column][\/vc_row][vc_row][vc_column][vc_column_text]Prefeita: Selma Rodrigues Souto Vice-Prefeito: Jucilande de\u00a0Jesus\u00a0Rocha Palavra da Prefeita A efici\u00eancia e a efic\u00e1cia da Gest\u00e3o P\u00fablica se efetivam em pol\u00edticas p\u00fablicas comprometidas com os anseios populares. Para que estas se tornem conquistas reais da coletividade, a \u00e9tica deve estar acima das moralidades individuais, tanto dos pol\u00edticos &hellip;<\/p>\n<p class=\"read-more\"> <a class=\"\" href=\"https:\/\/www.macarani.ba.gov.br\/site\/?page_id=131\"> <span class=\"screen-reader-text\">Gabinete<\/span> Leia mais \u00bb<\/a><\/p>\n","protected":false},"author":1,"featured_media":449,"parent":0,"menu_order":0,"comment_status":"closed","ping_status":"closed","template":"","meta":{"footnotes":""},"_links":{"self":[{"href":"https:\/\/www.macarani.ba.gov.br\/site\/index.php?rest_route=\/wp\/v2\/pages\/131"}],"collection":[{"href":"https:\/\/www.macarani.ba.gov.br\/site\/index.php?rest_route=\/wp\/v2\/pages"}],"about":[{"href":"https:\/\/www.macarani.ba.gov.br\/site\/index.php?rest_route=\/wp\/v2\/types\/page"}],"author":[{"embeddable":true,"href":"https:\/\/www.macarani.ba.gov.br\/site\/index.php?rest_route=\/wp\/v2\/users\/1"}],"replies":[{"embeddable":true,"href":"https:\/\/www.macarani.ba.gov.br\/site\/index.php?rest_route=%2Fwp%2Fv2%2Fcomments&post=131"}],"version-history":[{"count":5,"href":"https:\/\/www.macarani.ba.gov.br\/site\/index.php?rest_route=\/wp\/v2\/pages\/131\/revisions"}],"predecessor-version":[{"id":462,"href":"https:\/\/www.macarani.ba.gov.br\/site\/index.php?rest_route=\/wp\/v2\/pages\/131\/revisions\/462"}],"wp:featuredmedia":[{"embeddable":true,"href":"https:\/\/www.macarani.ba.gov.br\/site\/index.php?rest_route=\/wp\/v2\/media\/449"}],"wp:attachment":[{"href":"https:\/\/www.macarani.ba.gov.br\/site\/index.php?rest_route=%2Fwp%2Fv2%2Fmedia&parent=131"}],"curies":[{"name":"wp","href":"https:\/\/api.w.org\/{rel}","templated":true}]}}